{"id":19223,"date":"2023-09-05T19:43:12","date_gmt":"2023-09-05T19:43:12","guid":{"rendered":"https:\/\/ipsworks.org\/?page_id=19223"},"modified":"2026-01-02T21:04:24","modified_gmt":"2026-01-02T21:04:24","slug":"formation-competences-de-superviseur-ips","status":"publish","type":"page","link":"https:\/\/ipsworks.org\/index.php\/training-courses\/formation-competences-de-superviseur-ips\/","title":{"rendered":"Formation: comp\u00e9tences de supervision IPS"},"content":{"rendered":"<p><div class=\"fusion-fullwidth fullwidth-box fusion-builder-row-1 nonhundred-percent-fullwidth non-hundred-percent-height-scrolling\" style=\"--awb-border-radius-top-left:0px;--awb-border-radius-top-right:0px;--awb-border-radius-bottom-right:0px;--awb-border-radius-bottom-left:0px;--awb-padding-bottom:30px;--awb-flex-wrap:wrap;\" ><div class=\"fusion-builder-row fusion-row\"><div class=\"fusion-layout-column fusion_builder_column fusion-builder-column-0 fusion_builder_column_1_1 1_1 fusion-one-full fusion-column-first fusion-column-last\" style=\"--awb-bg-blend:overlay;--awb-bg-size:cover;\"><div class=\"fusion-column-wrapper fusion-flex-column-wrapper-legacy\"><div class=\"fusion-title title fusion-title-1 sep-underline sep-solid fusion-title-text fusion-title-size-one\" style=\"--awb-sep-color:#751c59;\"><h1 class=\"fusion-title-heading title-heading-left fusion-responsive-typography-calculated\" style=\"margin:0;--fontSize:33;line-height:1.5;\"><p style=\"font-weight: 400;\">Formation: comp\u00e9tences de supervision IPS<\/p><\/h1><\/div><div class=\"fusion-clearfix\"><\/div><\/div><\/div><\/div><\/div><div class=\"fusion-fullwidth fullwidth-box fusion-builder-row-2 nonhundred-percent-fullwidth non-hundred-percent-height-scrolling\" style=\"--awb-border-radius-top-left:0px;--awb-border-radius-top-right:0px;--awb-border-radius-bottom-right:0px;--awb-border-radius-bottom-left:0px;--awb-flex-wrap:wrap;\" ><div class=\"fusion-builder-row fusion-row\"><div class=\"fusion-layout-column fusion_builder_column fusion-builder-column-1 fusion_builder_column_1_4 1_4 fusion-one-fourth fusion-column-first\" style=\"--awb-bg-size:cover;width:25%;width:calc(25% - ( ( 4% + 4% ) * 0.25 ) );margin-right: 4%;\"><div class=\"fusion-column-wrapper fusion-column-has-shadow fusion-flex-column-wrapper-legacy\"><div class=\"fusion-image-element in-legacy-container\" style=\"--awb-caption-title-font-family:var(--h2_typography-font-family);--awb-caption-title-font-weight:var(--h2_typography-font-weight);--awb-caption-title-font-style:var(--h2_typography-font-style);--awb-caption-title-size:var(--h2_typography-font-size);--awb-caption-title-transform:var(--h2_typography-text-transform);--awb-caption-title-line-height:var(--h2_typography-line-height);--awb-caption-title-letter-spacing:var(--h2_typography-letter-spacing);\"><span class=\" fusion-imageframe imageframe-none imageframe-1 hover-type-none\"><img decoding=\"async\" width=\"300\" height=\"200\" title=\"laptop-2443052_1920\" src=\"https:\/\/ipsworks.org\/wp-content\/uploads\/2017\/06\/laptop-2443052_1920-300x200.jpg\" alt class=\"img-responsive wp-image-12535\" srcset=\"https:\/\/ipsworks.org\/wp-content\/uploads\/2017\/06\/laptop-2443052_1920-200x133.jpg 200w, https:\/\/ipsworks.org\/wp-content\/uploads\/2017\/06\/laptop-2443052_1920-400x266.jpg 400w, https:\/\/ipsworks.org\/wp-content\/uploads\/2017\/06\/laptop-2443052_1920-600x400.jpg 600w, https:\/\/ipsworks.org\/wp-content\/uploads\/2017\/06\/laptop-2443052_1920-800x533.jpg 800w, https:\/\/ipsworks.org\/wp-content\/uploads\/2017\/06\/laptop-2443052_1920-1200x799.jpg 1200w, https:\/\/ipsworks.org\/wp-content\/uploads\/2017\/06\/laptop-2443052_1920.jpg 1920w\" sizes=\"(max-width: 800px) 100vw, 400px\" \/><\/span><\/div><div class=\"fusion-clearfix\"><\/div><\/div><\/div><div class=\"fusion-layout-column fusion_builder_column fusion-builder-column-2 fusion_builder_column_1_2 1_2 fusion-one-half\" style=\"--awb-bg-size:cover;width:50%;width:calc(50% - ( ( 4% + 4% ) * 0.5 ) );margin-right: 4%;\"><div class=\"fusion-column-wrapper fusion-column-has-shadow fusion-flex-column-wrapper-legacy\"><div class=\"fusion-counters-box counters-box row fusion-clearfix fusion-columns-2\" style=\"--awb-body-color:#686868;--awb-body-size:30;--awb-border-color:rgba(224,222,222,0);--awb-color:#550527;--awb-title-size:40;--awb-border-color:rgba(224,222,222,0);\"><div class=\"fusion-counter-box fusion-column col-counter-box counter-box-wrapper col-lg-6 col-md-6 col-sm-6\" data-animationOffset=\"top-into-view\"><div class=\"counter-box-container\"><div class=\"content-box-percentage content-box-counter\"><span class=\"display-counter\" data-value=\"10\" data-direction=\"up\" data-decimals=\"0\">0<\/span><span class=\"unit\"> semaines<\/span><\/div><div class=\"counter-box-content\">Dur\u00e9e<\/div><\/div><\/div><div class=\"fusion-counter-box fusion-column col-counter-box counter-box-wrapper col-lg-6 col-md-6 col-sm-6\" data-animationOffset=\"top-into-view\"><div class=\"counter-box-container\"><div class=\"content-box-percentage content-box-counter\"><span class=\"unit\">$<\/span><span class=\"display-counter\" data-value=\"285\" data-direction=\"up\" data-decimals=\"0\">0<\/span><\/div><div class=\"counter-box-content\">Co\u00fbt<\/div><\/div><\/div><\/div><div class=\"clearfix\"><\/div><div class=\"fusion-clearfix\"><\/div><\/div><\/div><div class=\"fusion-layout-column fusion_builder_column fusion-builder-column-3 fusion_builder_column_1_4 1_4 fusion-one-fourth fusion-column-last\" style=\"--awb-bg-size:cover;width:25%;width:calc(25% - ( ( 4% + 4% ) * 0.25 ) );\"><div class=\"fusion-column-wrapper fusion-column-has-shadow fusion-flex-column-wrapper-legacy\"><div class=\"fusion-alignleft\"><a class=\"fusion-button button-flat button-xlarge button-default fusion-button-default button-1 fusion-button-default-span fusion-button-default-type\" target=\"_self\" href=\"https:\/\/cvent.me\/KaeaeV\"><span class=\"fusion-button-text\">Inscription<\/span><\/a><\/div><div class=\"fusion-clearfix\"><\/div><\/div><\/div><\/div><\/div><div class=\"fusion-fullwidth fullwidth-box fusion-builder-row-3 nonhundred-percent-fullwidth non-hundred-percent-height-scrolling\" style=\"--awb-border-radius-top-left:0px;--awb-border-radius-top-right:0px;--awb-border-radius-bottom-right:0px;--awb-border-radius-bottom-left:0px;--awb-padding-top:60px;--awb-padding-bottom:40px;--awb-flex-wrap:wrap;\" ><div class=\"fusion-builder-row fusion-row\"><div class=\"fusion-layout-column fusion_builder_column fusion-builder-column-4 fusion_builder_column_1_2 1_2 fusion-one-half fusion-column-first\" style=\"--awb-bg-blend:overlay;--awb-bg-size:cover;width:50%;width:calc(50% - ( ( 4% ) * 0.5 ) );margin-right: 4%;\"><div class=\"fusion-column-wrapper fusion-flex-column-wrapper-legacy\"><div class=\"fusion-text fusion-text-1\"><p style=\"font-weight: 400;\"><u>Description du contenu de la formation<\/u>:<\/p>\n<p style=\"font-weight: 400;\">Cette formation interactive en ligne explore le r\u00f4le du superviseur IPS.\u00a0 Elle vous permettra d&#8217;avoir acc\u00e8s \u00e0 des techniques et strat\u00e9gies vous permettant d&#8217;am\u00e9liorer vos comp\u00e9tences de supervision, ce qui optimisera la satisfaction et la productivit\u00e9 de votre personnel et aura un impact positif sur la r\u00e9tention.\u00a0 \u00a0Vous apprendrez \u00e9galement des proc\u00e9d\u00e9s visant l&#8217;am\u00e9lioration continue de l&#8217;efficacit\u00e9 du programme en mesurant les r\u00e9sultats des candidats et en fixant des objectifs.\u00a0 Nous explorerons \u00e9galement des techniques permettant d&#8217;impliquer les principaux acteurs de votre organisation (par exemple, la direction de l&#8217;agence, des conseillers des services d&#8217;employabilit\u00e9 et d&#8217;autres partenaires) afin d&#8217;obtenir leur soutien lors de la phase d\u2019implantation et de continuit\u00e9 du programme IPS.\u00a0 Tout au long du cours en ligne, les \u00e9tudiants auront la chance de d\u2019\u00e9changer avec le formateur sur les diff\u00e9rentes fa\u00e7ons d&#8217;encourager les membres du personnel \u00e0 am\u00e9liorer continuellement les services offerts.<\/p>\n<\/div><div class=\"fusion-clearfix\"><\/div><\/div><\/div><div class=\"fusion-layout-column fusion_builder_column fusion-builder-column-5 fusion_builder_column_1_2 1_2 fusion-one-half fusion-column-last\" style=\"--awb-bg-blend:overlay;--awb-bg-size:cover;width:50%;width:calc(50% - ( ( 4% ) * 0.5 ) );\"><div class=\"fusion-column-wrapper fusion-flex-column-wrapper-legacy\"><div class=\"fusion-title title fusion-title-2 fusion-title-center fusion-title-text fusion-title-size-three\"><div class=\"title-sep-container title-sep-container-left\"><div class=\"title-sep sep-double sep-solid\" style=\"border-color:#e0dede;\"><\/div><\/div><span class=\"awb-title-spacer\"><\/span><h3 class=\"fusion-title-heading title-heading-center fusion-responsive-typography-calculated\" style=\"margin:0;--fontSize:18;--minFontSize:18;line-height:1.89;\">Upcoming Course Dates<\/h3><span class=\"awb-title-spacer\"><\/span><div class=\"title-sep-container title-sep-container-right\"><div class=\"title-sep sep-double sep-solid\" style=\"border-color:#e0dede;\"><\/div><\/div><\/div>\n<div class=\"table-1\">\n<table style=\"height: 137px;\" width=\"476\">\n<thead>\n<tr>\n<th align=\"left\"><strong>Dates de formation<\/strong><\/th>\n<th align=\"left\"><strong>Dates d&#8217;inscription<\/strong><\/th>\n<\/tr>\n<\/thead>\n<tbody>\n<tr>\n<td align=\"left\">\n<p id=\"tw-target-text\" class=\"tw-data-text tw-text-large tw-ta\" dir=\"ltr\" tabindex=\"-1\" role=\"text\" data-placeholder=\"Translation\" data-ved=\"2ahUKEwjf6pvixaaQAxWcRzABHbJWKvgQ3ewLegQIDBAV\" aria-label=\"Translated text: 9 f\u00e9vrier 2026 \u2013 17 avril 2026\"><span class=\"Y2IQFc\" lang=\"fr\">9 f\u00e9vrier 2026<\/span><\/p>\n<\/td>\n<td align=\"left\">5 janvier \u00a0\u2013 30 janvier 2026<\/td>\n<\/tr>\n<tr>\n<td align=\"left\">\n<p id=\"tw-target-text\" class=\"tw-data-text tw-text-large tw-ta\" dir=\"ltr\" tabindex=\"-1\" role=\"text\" data-placeholder=\"Translation\" data-ved=\"2ahUKEwjf6pvixaaQAxWcRzABHbJWKvgQ3ewLegQIDBAV\" aria-label=\"Translated text: 7 septembre 2026\"><span class=\"Y2IQFc\" lang=\"fr\">7 septembre 2026<\/span><\/p>\n<\/td>\n<td align=\"left\">\n<p id=\"tw-target-text\" class=\"tw-data-text tw-text-large tw-ta\" dir=\"ltr\" tabindex=\"-1\" role=\"text\" data-placeholder=\"Translation\" data-ved=\"2ahUKEwjf6pvixaaQAxWcRzABHbJWKvgQ3ewLegQIDBAV\" aria-label=\"Translated text: 3 ao\u00fbt 2026 \u2013 28 ao\u00fbt 2026\"><span class=\"Y2IQFc\" lang=\"fr\">3 ao\u00fbt 2026 \u2013 28 ao\u00fbt 2026<\/span><\/p>\n<\/td>\n<\/tr>\n<tr>\n<td align=\"left\"><\/td>\n<td align=\"left\"><\/td>\n<\/tr>\n<tr>\n<td align=\"left\"><\/td>\n<td align=\"left\"><\/td>\n<\/tr>\n<\/tbody>\n<\/table>\n<\/div>\n<div class=\"fusion-clearfix\"><\/div><\/div><\/div><div class=\"fusion-layout-column fusion_builder_column fusion-builder-column-6 fusion_builder_column_1_1 1_1 fusion-one-full fusion-column-first fusion-column-last\" style=\"--awb-bg-size:cover;\"><div class=\"fusion-column-wrapper fusion-column-has-shadow fusion-flex-column-wrapper-legacy\"><div class=\"fusion-text fusion-text-2\"><p style=\"font-weight: 400;\"><u>Sujets abord\u00e9s<\/u> :<\/p>\n<ul>\n<li>Introduction aux bonnes pratiques de supervision<\/li>\n<li>Embaucher et retenir le personnel IPS<\/li>\n<li>Devenir un formateur IPS (Former le personnel)<\/li>\n<li>Supervision orient\u00e9e vers les r\u00e9sultats<\/li>\n<li>D\u00e9velopper et soutenir le programme IPS<\/li>\n<\/ul>\n<p style=\"font-weight: 400;\"><u>Participants \u00e0 la formation<\/u> :<\/p>\n<p style=\"font-weight: 400;\">Cette formation en ligne s&#8217;adresse aux personnes qui supervisent actuellement des sp\u00e9cialistes \u00e0 l\u2019emploi d\u2019un programme IPS.<\/p>\n<p style=\"font-weight: 400;\"><u>Format<\/u> :<\/p>\n<p style=\"font-weight: 400;\">Chaque module, au nombre de cinq, se compose d\u2019une s\u00e9rie de lectures, de vid\u00e9os et de questionnaires.\u00a0 Vous mettrez entre 60 et 90 minutes pour compl\u00e9ter un module.\u00a0 \u00a0Chaque module se termine par un exercice pratique \u00e0 compl\u00e9ter. \u00a0Pour chaque module, l\u2019\u00e9tudiant devra choisir d\u2019ex\u00e9cuter un seul exercice parmi deux types de travail pratique propos\u00e9.\u00a0\u00a0 Il choisira celui qu\u2019il estime le plus profitable \u00e0 sa pratique actuelle.\u00a0 Les travaux sont envoy\u00e9s par courriel \u00e9lectronique au formateur attitr\u00e9.\u00a0 Des \u00e9changes et discussions avec le formateur sont \u00e9galement possibles.<\/p>\n<p style=\"font-weight: 400;\"><u>Horaire de la formation<\/u> :<\/p>\n<p style=\"font-weight: 400;\">Les participants peuvent suivre la formation \u00e0 n&#8217;importe quelle heure du jour ou de la nuit, bien que des \u00e9ch\u00e9anciers doivent \u00eatre respect\u00e9s pour la remise des travaux pratiques.<\/p>\n<p>Contact :<br \/>\nSarah.Swanson@nyspi.columbia.edu<\/p>\n<\/div><div class=\"fusion-clearfix\"><\/div><\/div><\/div><\/div><\/div><\/p>\n","protected":false},"excerpt":{"rendered":"","protected":false},"author":186,"featured_media":0,"parent":75,"menu_order":0,"comment_status":"closed","ping_status":"closed","template":"","meta":{"_acf_changed":false,"iawp_total_views":41,"footnotes":""},"class_list":["post-19223","page","type-page","status-publish","hentry"],"acf":[],"post_mailing_queue_ids":[],"_links":{"self":[{"href":"https:\/\/ipsworks.org\/index.php\/wp-json\/wp\/v2\/pages\/19223","targetHints":{"allow":["GET"]}}],"collection":[{"href":"https:\/\/ipsworks.org\/index.php\/wp-json\/wp\/v2\/pages"}],"about":[{"href":"https:\/\/ipsworks.org\/index.php\/wp-json\/wp\/v2\/types\/page"}],"author":[{"embeddable":true,"href":"https:\/\/ipsworks.org\/index.php\/wp-json\/wp\/v2\/users\/186"}],"replies":[{"embeddable":true,"href":"https:\/\/ipsworks.org\/index.php\/wp-json\/wp\/v2\/comments?post=19223"}],"version-history":[{"count":24,"href":"https:\/\/ipsworks.org\/index.php\/wp-json\/wp\/v2\/pages\/19223\/revisions"}],"predecessor-version":[{"id":21125,"href":"https:\/\/ipsworks.org\/index.php\/wp-json\/wp\/v2\/pages\/19223\/revisions\/21125"}],"up":[{"embeddable":true,"href":"https:\/\/ipsworks.org\/index.php\/wp-json\/wp\/v2\/pages\/75"}],"wp:attachment":[{"href":"https:\/\/ipsworks.org\/index.php\/wp-json\/wp\/v2\/media?parent=19223"}],"curies":[{"name":"wp","href":"https:\/\/api.w.org\/{rel}","templated":true}]}}