{"id":15225,"date":"2017-12-05T14:34:24","date_gmt":"2017-12-05T14:34:24","guid":{"rendered":"https:\/\/ipsworks.org\/?page_id=15225"},"modified":"2025-11-14T16:03:58","modified_gmt":"2025-11-14T16:03:58","slug":"formation-competences-des-praticiens","status":"publish","type":"page","link":"https:\/\/ipsworks.org\/index.php\/training-courses\/formation-competences-des-praticiens\/","title":{"rendered":"Formation: comp\u00e9tences des praticiens"},"content":{"rendered":"<p><div class=\"fusion-fullwidth fullwidth-box fusion-builder-row-1 nonhundred-percent-fullwidth non-hundred-percent-height-scrolling\" style=\"--awb-border-radius-top-left:0px;--awb-border-radius-top-right:0px;--awb-border-radius-bottom-right:0px;--awb-border-radius-bottom-left:0px;--awb-flex-wrap:wrap;\" ><div class=\"fusion-builder-row fusion-row\"><div class=\"fusion-layout-column fusion_builder_column fusion-builder-column-0 fusion_builder_column_1_1 1_1 fusion-one-full fusion-column-first fusion-column-last\" style=\"--awb-bg-size:cover;\"><div class=\"fusion-column-wrapper fusion-flex-column-wrapper-legacy\"><div class=\"fusion-title title fusion-title-1 sep-underline sep-solid fusion-title-text fusion-title-size-one\" style=\"--awb-sep-color:#751c59;\"><h1 class=\"fusion-title-heading title-heading-left fusion-responsive-typography-calculated\" style=\"margin:0;--fontSize:33;line-height:1.5;\"><span style=\"color: #333333;\">Formation: comp\u00e9tences des praticiens<\/span><\/h1><\/div><div class=\"fusion-clearfix\"><\/div><\/div><\/div><\/div><\/div><div class=\"fusion-fullwidth fullwidth-box fusion-builder-row-2 nonhundred-percent-fullwidth non-hundred-percent-height-scrolling\" style=\"--awb-border-radius-top-left:0px;--awb-border-radius-top-right:0px;--awb-border-radius-bottom-right:0px;--awb-border-radius-bottom-left:0px;--awb-flex-wrap:wrap;\" ><div class=\"fusion-builder-row fusion-row\"><div class=\"fusion-layout-column fusion_builder_column fusion-builder-column-1 fusion_builder_column_1_4 1_4 fusion-one-fourth fusion-column-first\" style=\"--awb-bg-size:cover;width:25%;width:calc(25% - ( ( 4% + 4% ) * 0.25 ) );margin-right: 4%;\"><div class=\"fusion-column-wrapper fusion-flex-column-wrapper-legacy\"><div class=\"fusion-image-element in-legacy-container\" style=\"--awb-caption-title-font-family:var(--h2_typography-font-family);--awb-caption-title-font-weight:var(--h2_typography-font-weight);--awb-caption-title-font-style:var(--h2_typography-font-style);--awb-caption-title-size:var(--h2_typography-font-size);--awb-caption-title-transform:var(--h2_typography-text-transform);--awb-caption-title-line-height:var(--h2_typography-line-height);--awb-caption-title-letter-spacing:var(--h2_typography-letter-spacing);\"><span class=\" fusion-imageframe imageframe-none imageframe-1 hover-type-none\"><img decoding=\"async\" width=\"300\" height=\"199\" title=\"Marian &#038; Renata Photo\" src=\"https:\/\/ipsworks.org\/wp-content\/uploads\/2017\/06\/Marian-Renata-Photo-300x199.jpg\" alt class=\"img-responsive wp-image-12598\" srcset=\"https:\/\/ipsworks.org\/wp-content\/uploads\/2017\/06\/Marian-Renata-Photo-200x132.jpg 200w, https:\/\/ipsworks.org\/wp-content\/uploads\/2017\/06\/Marian-Renata-Photo-400x265.jpg 400w, https:\/\/ipsworks.org\/wp-content\/uploads\/2017\/06\/Marian-Renata-Photo-600x397.jpg 600w, https:\/\/ipsworks.org\/wp-content\/uploads\/2017\/06\/Marian-Renata-Photo-800x530.jpg 800w, https:\/\/ipsworks.org\/wp-content\/uploads\/2017\/06\/Marian-Renata-Photo-1200x795.jpg 1200w\" sizes=\"(max-width: 800px) 100vw, 400px\" \/><\/span><\/div><div class=\"fusion-clearfix\"><\/div><\/div><\/div><div class=\"fusion-layout-column fusion_builder_column fusion-builder-column-2 fusion_builder_column_1_2 1_2 fusion-one-half\" style=\"--awb-bg-size:cover;width:50%;width:calc(50% - ( ( 4% + 4% ) * 0.5 ) );margin-right: 4%;\"><div class=\"fusion-column-wrapper fusion-column-has-shadow fusion-flex-column-wrapper-legacy\"><div class=\"fusion-counters-box counters-box row fusion-clearfix fusion-columns-2\" style=\"--awb-body-color:#686868;--awb-body-size:30;--awb-border-color:rgba(224,222,222,0);--awb-color:#550527;--awb-title-size:40;--awb-border-color:rgba(224,222,222,0);\"><div class=\"fusion-counter-box fusion-column col-counter-box counter-box-wrapper col-lg-6 col-md-6 col-sm-6\" data-animationOffset=\"top-into-view\"><div class=\"counter-box-container\"><div class=\"content-box-percentage content-box-counter\"><span class=\"display-counter\" data-value=\"12\" data-direction=\"up\" data-decimals=\"0\">0<\/span><span class=\"unit\"> Weeks<\/span><\/div><div class=\"counter-box-content\">Length<\/div><\/div><\/div><div class=\"fusion-counter-box fusion-column col-counter-box counter-box-wrapper col-lg-6 col-md-6 col-sm-6\" data-animationOffset=\"top-into-view\"><div class=\"counter-box-container\"><div class=\"content-box-percentage content-box-counter\"><span class=\"unit\">$<\/span><span class=\"display-counter\" data-value=\"365\" data-direction=\"up\" data-decimals=\"0\">0<\/span><\/div><div class=\"counter-box-content\">Cost<\/div><\/div><\/div><\/div><div class=\"clearfix\"><\/div><div class=\"fusion-clearfix\"><\/div><\/div><\/div><div class=\"fusion-layout-column fusion_builder_column fusion-builder-column-3 fusion_builder_column_1_4 1_4 fusion-one-fourth fusion-column-last\" style=\"--awb-bg-size:cover;width:25%;width:calc(25% - ( ( 4% + 4% ) * 0.25 ) );\"><div class=\"fusion-column-wrapper fusion-column-has-shadow fusion-flex-column-wrapper-legacy\"><div class=\"fusion-alignleft\"><a class=\"fusion-button button-flat button-xlarge button-default fusion-button-default button-1 fusion-button-default-span fusion-button-default-type\" target=\"_self\" href=\"https:\/\/cvent.me\/bWLvnL\"><span class=\"fusion-button-text\">Inscription <\/span><\/a><\/div><div class=\"fusion-clearfix\"><\/div><\/div><\/div><div class=\"fusion-layout-column fusion_builder_column fusion-builder-column-4 fusion_builder_column_1_2 1_2 fusion-one-half fusion-column-first\" style=\"--awb-bg-size:cover;width:50%;width:calc(50% - ( ( 4% ) * 0.5 ) );margin-right: 4%;\"><div class=\"fusion-column-wrapper fusion-column-has-shadow fusion-flex-column-wrapper-legacy\"><div class=\"fusion-text fusion-text-1\"><h3><strong>Description de la formation:<\/strong><\/h3>\n<p>Apprenez les principes fondamentaux du mod\u00e8le \u00abIndividual Placement and Support\u00bb IPS ainsi que les m\u00e9thodes et techniques pour offrir des services de qualit\u00e9 aux personnes que vous aidez.\u00a0 Tout au long de cette formation, nous explorerons des strat\u00e9gies sp\u00e9cifiques, des concepts et des comp\u00e9tences utilis\u00e9s par les sp\u00e9cialistes en emploi afin de mieux soutenir et accompagner les chercheurs d\u2019emploi dans la r\u00e9alisation de leurs objectifs professionnels individuels.\u00a0 Cette formation en ligne se voulant interactive, vous aurez l\u2019opportunit\u00e9 de recevoir des commentaires personnalis\u00e9s afin de maximiser l\u2019acquisition de vos comp\u00e9tences.\u00a0 Vous pourrez ainsi poser des questions pr\u00e9cises au sujet des techniques \u00e0 utiliser selon diff\u00e9rents sc\u00e9narios avec vos clients, vos propres exp\u00e9riences de d\u00e9veloppement d\u2019emploi, et \u00e0 propos d\u2019autres nouveaux concepts enseign\u00e9s.<\/p>\n<\/div><div class=\"fusion-clearfix\"><\/div><\/div><\/div><div class=\"fusion-layout-column fusion_builder_column fusion-builder-column-5 fusion_builder_column_1_2 1_2 fusion-one-half fusion-column-last\" style=\"--awb-bg-size:cover;width:50%;width:calc(50% - ( ( 4% ) * 0.5 ) );\"><div class=\"fusion-column-wrapper fusion-column-has-shadow fusion-flex-column-wrapper-legacy\"><div class=\"fusion-title title fusion-title-2 fusion-title-center fusion-title-text fusion-title-size-three\" style=\"--awb-text-color:#550527;\"><div class=\"title-sep-container title-sep-container-left\"><div class=\"title-sep sep-double sep-solid\" style=\"border-color:#e0dede;\"><\/div><\/div><span class=\"awb-title-spacer\"><\/span><h3 class=\"fusion-title-heading title-heading-center fusion-responsive-typography-calculated\" style=\"margin:0;--fontSize:18;--minFontSize:18;line-height:1.89;\">Dates des cours \u00e0 venir<\/h3><span class=\"awb-title-spacer\"><\/span><div class=\"title-sep-container title-sep-container-right\"><div class=\"title-sep sep-double sep-solid\" style=\"border-color:#e0dede;\"><\/div><\/div><\/div>\n<div class=\"table-1\">\n<table style=\"height: 90px;\" width=\"500\">\n<thead>\n<tr>\n<th align=\"left\"><strong>Date de d\u00e9but<\/strong><\/th>\n<th align=\"left\"><strong>Dates d&#8217;inscription<\/strong><\/th>\n<\/tr>\n<\/thead>\n<tbody>\n<tr>\n<td align=\"left\">12 janvier 2026<\/td>\n<td align=\"left\">du 17 novembre 2025 au 3 janvier 2026<\/td>\n<\/tr>\n<tr>\n<td align=\"left\">14 septembre 2026<\/td>\n<td align=\"left\">du 10 ao\u00fbt au 4 septembre 2026<\/td>\n<\/tr>\n<\/tbody>\n<\/table>\n<\/div>\n<div class=\"fusion-clearfix\"><\/div><\/div><\/div><div class=\"fusion-layout-column fusion_builder_column fusion-builder-column-6 fusion_builder_column_1_1 1_1 fusion-one-full fusion-column-first fusion-column-last\" style=\"--awb-bg-size:cover;\"><div class=\"fusion-column-wrapper fusion-flex-column-wrapper-legacy\"><div class=\"fusion-text fusion-text-2\"><h3><strong>Sujets de formation abord\u00e9s:<\/strong><\/h3>\n<ul>\n<li>Utiliser une approche d\u2019\u00e9quipe (incluant les familles, les professionnels en sant\u00e9 mentale et les agents en employabilit\u00e9)<\/li>\n<li>Miser sur les forces et les pr\u00e9f\u00e9rences<\/li>\n<li>Techniques d\u2019entrevues avec les clients<\/li>\n<li>D\u00e9veloppement d\u2019emploi (Internet)<\/li>\n<li>D\u00e9veloppement d\u2019emploi (Sur le terrain)<\/li>\n<li>Planifier le soutien en emploi<\/li>\n<li>Le soutien en emploi IPS pour les personnes qui ont des troubles concomitants<\/li>\n<li>Principes du mod\u00e8le de soutien en emploi IPS\u200b<\/li>\n<\/ul>\n<h3><strong>Participants \u00e0 la formation:<\/strong><\/h3>\n<p>Cette formation en ligne s\u2019adresse aux sp\u00e9cialistes en emploi et \u00e0 leurs superviseurs.\u00a0 Des agents en employabilit\u00e9 ainsi que des intervenants socioprofessionnels peuvent \u00e9galement suivre cette formation. \u00a0Les intervenants qui travaillent activement avec des clients, qui participent \u00e0 l\u2019implantation du mod\u00e8le IPS dans leurs services ou qui cherchent simplement \u00e0 rafraichir leurs connaissances sur la fa\u00e7on la plus efficace d\u2019offrir des services selon le mod\u00e8le IPS b\u00e9n\u00e9ficieront de cette formation.<\/p>\n<h3><strong>Format de la formation en ligne:<\/strong><\/h3>\n<p>Chaque module comporte une s\u00e9ance de 30-40 minutes o\u00f9 vous regarderez des vid\u00e9os, lirez et r\u00e9pondrez \u00e0 des questions.<\/p>\n<p>Suite \u00e0 ce travail sur l\u2019ordinateur, les participants auront \u00e0 mettre en pratique les nouvelles habilet\u00e9s enseign\u00e9es pendant la semaine, pour ensuite \u00e9changer par \u00e9crit sur leurs exp\u00e9riences sous la forme d\u2019une discussion.\u00a0 Par exemple, apr\u00e8s avoir appris de nouvelles techniques pour \u00e9tablir des relations avec les employeurs, les \u00e9tudiants auront \u00e0 pratiquer ces techniques en rencontrant des employeurs de leur communaut\u00e9.<\/p>\n<p>Contrairement \u00e0 plusieurs autres cours offerts en ligne, cette formation permet des contacts avec un facilitateur qui r\u00e9pond aux questions et commentaires des \u00e9tudiants concernant tous les sujets de discussion abord\u00e9s.<\/p>\n<h3><strong>Horaire des cours:<\/strong><\/h3>\n<p>Les participants peuvent suivre la formation \u00e0 toute heure de la journ\u00e9e, de la soir\u00e9e ou de la nuit.\u00a0 Par contre, vous n\u2019aurez plus acc\u00e8s aux sections pr\u00e9c\u00e9dentes selon la progression de la formation.<\/p>\n<h3><strong>Personne \u00e0 contacter:<\/strong><\/h3>\n<p><a href=\"mailto:Sarah.Swanson@nyspi.columbia.edu\">Sarah.Swanson@nyspi.columbia.edu<\/a><\/p>\n<\/div><div class=\"fusion-clearfix\"><\/div><\/div><\/div><\/div><\/div><\/p>\n","protected":false},"excerpt":{"rendered":"","protected":false},"author":8,"featured_media":0,"parent":75,"menu_order":0,"comment_status":"closed","ping_status":"closed","template":"","meta":{"_acf_changed":false,"iawp_total_views":168,"footnotes":""},"class_list":["post-15225","page","type-page","status-publish","hentry"],"acf":[],"post_mailing_queue_ids":[],"_links":{"self":[{"href":"https:\/\/ipsworks.org\/index.php\/wp-json\/wp\/v2\/pages\/15225","targetHints":{"allow":["GET"]}}],"collection":[{"href":"https:\/\/ipsworks.org\/index.php\/wp-json\/wp\/v2\/pages"}],"about":[{"href":"https:\/\/ipsworks.org\/index.php\/wp-json\/wp\/v2\/types\/page"}],"author":[{"embeddable":true,"href":"https:\/\/ipsworks.org\/index.php\/wp-json\/wp\/v2\/users\/8"}],"replies":[{"embeddable":true,"href":"https:\/\/ipsworks.org\/index.php\/wp-json\/wp\/v2\/comments?post=15225"}],"version-history":[{"count":66,"href":"https:\/\/ipsworks.org\/index.php\/wp-json\/wp\/v2\/pages\/15225\/revisions"}],"predecessor-version":[{"id":21030,"href":"https:\/\/ipsworks.org\/index.php\/wp-json\/wp\/v2\/pages\/15225\/revisions\/21030"}],"up":[{"embeddable":true,"href":"https:\/\/ipsworks.org\/index.php\/wp-json\/wp\/v2\/pages\/75"}],"wp:attachment":[{"href":"https:\/\/ipsworks.org\/index.php\/wp-json\/wp\/v2\/media?parent=15225"}],"curies":[{"name":"wp","href":"https:\/\/api.w.org\/{rel}","templated":true}]}}